{"id":3217,"date":"2023-08-09T11:48:36","date_gmt":"2023-08-09T09:48:36","guid":{"rendered":"https:\/\/barea.es\/?page_id=3217"},"modified":"2023-08-09T11:49:20","modified_gmt":"2023-08-09T09:49:20","slug":"consentimiento-para-el-tratamiento-de-datos-personales","status":"publish","type":"page","link":"https:\/\/barea.es\/es\/consentimiento-para-el-tratamiento-de-datos-personales\/","title":{"rendered":"Consentimiento para el tratamiento de datos personales"},"content":{"rendered":"\n<h2 class=\"wp-block-heading\">Consentimiento para el tratamiento de datos personales<\/h2>\n\n\n\n<p><strong>BAREA DESIGN SL&nbsp;<\/strong>es el Responsable del tratamiento de los datos personales del Usuario<br>y le informa de que estos datos se tratar\u00e1n de conformidad con lo dispuesto en el Reglamento (UE) 2016\/679, de 27 de abril (GDPR), y la Ley Org\u00e1nica 3\/2018, de 5 de diciembre (LOPDGDD), por lo que se le facilita la siguiente informaci\u00f3n del tratamiento:<\/p>\n\n\n\n<p><strong>Fines y legitimaci\u00f3n del tratamiento<\/strong>: mantener una relaci\u00f3n comercial (por inter\u00e9s leg\u00edtimo del responsable, art. 6.1.f GDPR) y env\u00edo de comunicaciones de productos o servicios (con el consentimiento del interesado, art. 6.1.a GDPR).<\/p>\n\n\n\n<p><strong>Criterios de conservaci\u00f3n de los datos<\/strong>: se conservar\u00e1n durante no m\u00e1s tiempo del necesario para mantener el fin del tratamiento o existan prescripciones legales que dictaminen su custodia y cuando ya no sea necesario para ello, se suprimir\u00e1n con medidas de seguridad adecuadas para garantizar la anonimizaci\u00f3n de los datos o la destrucci\u00f3n total de los mismos.<\/p>\n\n\n\n<p><strong>Comunicaci\u00f3n de los datos<\/strong>: no se comunicar\u00e1n los datos a terceros, salvo obligaci\u00f3n legal.<\/p>\n\n\n\n<p><strong>Derechos que asisten al Usuario<\/strong>:<br>&#8211; Derecho a retirar el consentimiento en cualquier momento.<br>&#8211; Derecho de acceso, rectificaci\u00f3n, portabilidad y supresi\u00f3n de sus datos, y de limitaci\u00f3n u oposici\u00f3n a su tratamiento.<br>&#8211; Derecho a presentar una reclamaci\u00f3n ante la Autoridad de control (www.aepd.es) si considera que el tratamiento no se ajusta a la normativa vigente.<\/p>\n\n\n\n<p><strong>Datos de contacto para ejercer sus derechos<\/strong>:<br>BAREA DESIGN SL. CL. LA SAFOR, 12 LOCAL 4 &#8211; 46015 VALENCIA (Val\u00e8ncia). E-mail: info@josebarea.com<\/p>\n","protected":false},"excerpt":{"rendered":"<p>Consentimiento para el tratamiento de datos personales BAREA DESIGN SL&nbsp;es el Responsable del tratamiento de los datos personales del Usuarioy le informa de que estos datos se tratar\u00e1n de conformidad con lo dispuesto en el Reglamento (UE) 2016\/679, de 27 de abril (GDPR), y la Ley Org\u00e1nica 3\/2018, de 5 de diciembre (LOPDGDD), por lo [&hellip;]<\/p>\n","protected":false},"author":4,"featured_media":0,"parent":0,"menu_order":0,"comment_status":"closed","ping_status":"closed","template":"","meta":{"rank_math_lock_modified_date":false,"inline_featured_image":false,"footnotes":""},"class_list":["post-3217","page","type-page","status-publish","hentry"],"_links":{"self":[{"href":"https:\/\/barea.es\/es\/wp-json\/wp\/v2\/pages\/3217","targetHints":{"allow":["GET"]}}],"collection":[{"href":"https:\/\/barea.es\/es\/wp-json\/wp\/v2\/pages"}],"about":[{"href":"https:\/\/barea.es\/es\/wp-json\/wp\/v2\/types\/page"}],"author":[{"embeddable":true,"href":"https:\/\/barea.es\/es\/wp-json\/wp\/v2\/users\/4"}],"replies":[{"embeddable":true,"href":"https:\/\/barea.es\/es\/wp-json\/wp\/v2\/comments?post=3217"}],"version-history":[{"count":2,"href":"https:\/\/barea.es\/es\/wp-json\/wp\/v2\/pages\/3217\/revisions"}],"predecessor-version":[{"id":3220,"href":"https:\/\/barea.es\/es\/wp-json\/wp\/v2\/pages\/3217\/revisions\/3220"}],"wp:attachment":[{"href":"https:\/\/barea.es\/es\/wp-json\/wp\/v2\/media?parent=3217"}],"curies":[{"name":"wp","href":"https:\/\/api.w.org\/{rel}","templated":true}]}}